{"id":3293,"date":"2021-01-06T01:35:59","date_gmt":"2021-01-06T00:35:59","guid":{"rendered":"http:\/\/four-colors.de\/minirent\/?page_id=3293"},"modified":"2022-11-13T21:59:52","modified_gmt":"2022-11-13T20:59:52","slug":"fahrzeuge","status":"publish","type":"page","link":"http:\/\/four-colors.de\/minirent\/fahrzeuge\/","title":{"rendered":"Fahrzeuge"},"content":{"rendered":"\t\t<div data-elementor-type=\"wp-page\" data-elementor-id=\"3293\" class=\"elementor elementor-3293\">\n\t\t\t\t\t\t\t\t\t<section class=\"elementor-section elementor-top-section elementor-element elementor-element-64b4a121 elementor-section-boxed elementor-section-height-default elementor-section-height-default\" data-id=\"64b4a121\" data-element_type=\"section\" data-settings=\"{&quot;background_background&quot;:&quot;classic&quot;}\">\n\t\t\t\t\t\t\t<div class=\"elementor-background-overlay\"><\/div>\n\t\t\t\t\t\t\t<div class=\"elementor-container elementor-column-gap-default\">\n\t\t\t\t\t<div class=\"elementor-column elementor-col-100 elementor-top-column elementor-element elementor-element-3482d06d\" data-id=\"3482d06d\" data-element_type=\"column\">\n\t\t\t<div class=\"elementor-widget-wrap elementor-element-populated\">\n\t\t\t\t\t\t\t\t<section class=\"elementor-section elementor-inner-section elementor-element elementor-element-6a371113 elementor-section-boxed elementor-section-height-default elementor-section-height-default\" data-id=\"6a371113\" data-element_type=\"section\">\n\t\t\t\t\t\t<div class=\"elementor-container elementor-column-gap-default\">\n\t\t\t\t\t<div class=\"elementor-column elementor-col-100 elementor-inner-column elementor-element elementor-element-26b9d3f3\" data-id=\"26b9d3f3\" data-element_type=\"column\">\n\t\t\t<div class=\"elementor-widget-wrap elementor-element-populated\">\n\t\t\t\t\t\t\t\t<div class=\"elementor-element elementor-element-1459b1db elementor-widget__width-initial elementor-widget elementor-widget-jws-breadcrumbs\" data-id=\"1459b1db\" data-element_type=\"widget\" data-widget_type=\"jws-breadcrumbs.default\">\n\t\t\t\t<div class=\"elementor-widget-container\">\n\t\t\t\t\t\r\n\t\t\t<ul class=\"jws-breadcrumbs\" itemscope=\"\" itemtype=\"http:\/\/schema.org\/BreadcrumbList\">\r\n\r\n\t\t\t<li class=\"jws-breadcrumbs__item jws-breadcrumbs__item--home\" itemprop=\"itemListElement\" position=\"0\" itemscope=\"\" itemtype=\"http:\/\/schema.org\/ListItem\">\r\n\t\t\t<a class=\"jws-breadcrumbs__crumb jws-breadcrumbs__crumb--link jws-breadcrumbs__crumb--home\" itemprop=\"item\" rel=\"v:url\" property=\"v:title\" href=\"http:\/\/four-colors.de\/minirent\" title=\"Home\">\r\n\t\t\t\t<span itemprop=\"name\" class=\"jws-breadcrumbs__text\">\r\n\t\t\t\t\tHome\t\t\t\t<\/span>\r\n\t\t\t<\/a>\r\n\t\t<\/li><li class=\"jws-breadcrumbs__separator\"><span class=\"jws-icon jws-icon-support--svg\"><i aria-hidden=\"true\" class=\"jwsicon- jws-icon-001-right-arrows-couple\"><\/i><\/span><\/li><\/ul>\t\t<\/div>\n\t\t\t\t<\/div>\n\t\t\t\t\t<\/div>\n\t\t<\/div>\n\t\t\t\t\t\t\t<\/div>\n\t\t<\/section>\n\t\t\t\t\t<\/div>\n\t\t<\/div>\n\t\t\t\t\t\t\t<\/div>\n\t\t<\/section>\n\t\t\t\t<section class=\"elementor-section elementor-top-section elementor-element elementor-element-ebd0691 elementor-section-content-bottom elementor-section-boxed elementor-section-height-default elementor-section-height-default\" data-id=\"ebd0691\" data-element_type=\"section\">\n\t\t\t\t\t\t<div class=\"elementor-container elementor-column-gap-default\">\n\t\t\t\t\t<div class=\"elementor-column elementor-col-50 elementor-top-column elementor-element elementor-element-3ca97fd\" data-id=\"3ca97fd\" data-element_type=\"column\">\n\t\t\t<div class=\"elementor-widget-wrap elementor-element-populated\">\n\t\t\t\t\t\t\t\t<div class=\"elementor-element elementor-element-fc37245 elementor-widget elementor-widget-jws_title\" data-id=\"fc37245\" data-element_type=\"widget\" data-settings=\"{&quot;align-title&quot;:&quot;left&quot;}\" data-widget_type=\"jws_title.default\">\n\t\t\t\t<div class=\"elementor-widget-container\">\n\t\t\t         <div class=\"jws-title-wap\">\r\n            <div class=\"jws-title layout1\">\r\n                <h3>minirent.ac<\/h3>\r\n                <h6>minirent.ac<\/h6>\r\n                <h4>Unsere Fahrzeugflotte<\/h4>\r\n            <\/div>\r\n         <\/div>   \r\n        \t\t<\/div>\n\t\t\t\t<\/div>\n\t\t\t\t\t<\/div>\n\t\t<\/div>\n\t\t\t\t<div class=\"elementor-column elementor-col-50 elementor-top-column elementor-element elementor-element-090b6f9\" data-id=\"090b6f9\" data-element_type=\"column\">\n\t\t\t<div class=\"elementor-widget-wrap elementor-element-populated\">\n\t\t\t\t\t\t\t\t<div class=\"elementor-element elementor-element-3bdf479 elementor-widget elementor-widget-text-editor\" data-id=\"3bdf479\" data-element_type=\"widget\" data-widget_type=\"text-editor.default\">\n\t\t\t\t<div class=\"elementor-widget-container\">\n\t\t\t\t\t\t\t<p class=\"text-justify\">Wenn Sie Raum f\u00fcr zus\u00e4tzliches Gep\u00e4ck oder gro\u00dfe Lasten brauchen, werden Sie bei uns einen Transporter finden, der auf Ihre Bed\u00fcrfnisse zugeschnitten ist. <br \/>Wir verf\u00fcgen \u00fcber eine Auswahl an Transportern mit ausreichend Raum f\u00fcr Transport von G\u00fctern und Personen.<\/p>\t\t\t\t\t\t<\/div>\n\t\t\t\t<\/div>\n\t\t\t\t\t<\/div>\n\t\t<\/div>\n\t\t\t\t\t\t\t<\/div>\n\t\t<\/section>\n\t\t\t\t<section class=\"elementor-section elementor-top-section elementor-element elementor-element-1a4b3a1 elementor-section-boxed elementor-section-height-default elementor-section-height-default\" data-id=\"1a4b3a1\" data-element_type=\"section\">\n\t\t\t\t\t\t<div class=\"elementor-container elementor-column-gap-default\">\n\t\t\t\t\t<div class=\"elementor-column elementor-col-100 elementor-top-column elementor-element elementor-element-46fb9a5\" data-id=\"46fb9a5\" data-element_type=\"column\">\n\t\t\t<div class=\"elementor-widget-wrap elementor-element-populated\">\n\t\t\t\t\t\t\t\t<div class=\"elementor-element elementor-element-80fb46f elementor-widget elementor-widget-spacer\" data-id=\"80fb46f\" data-element_type=\"widget\" data-widget_type=\"spacer.default\">\n\t\t\t\t<div class=\"elementor-widget-container\">\n\t\t\t\t\t<div class=\"elementor-spacer\">\n\t\t\t<div class=\"elementor-spacer-inner\"><\/div>\n\t\t<\/div>\n\t\t\t\t<\/div>\n\t\t\t\t<\/div>\n\t\t\t\t\t<\/div>\n\t\t<\/div>\n\t\t\t\t\t\t\t<\/div>\n\t\t<\/section>\n\t\t\t\t<section class=\"elementor-section elementor-top-section elementor-element elementor-element-2e515ec elementor-section-boxed elementor-section-height-default elementor-section-height-default\" data-id=\"2e515ec\" data-element_type=\"section\">\n\t\t\t\t\t\t<div class=\"elementor-container elementor-column-gap-default\">\n\t\t\t\t\t<div class=\"elementor-column elementor-col-33 elementor-top-column elementor-element elementor-element-002933f\" data-id=\"002933f\" data-element_type=\"column\">\n\t\t\t<div class=\"elementor-widget-wrap elementor-element-populated\">\n\t\t\t\t\t\t\t\t<div class=\"elementor-element elementor-element-69da6e7 elementor-align-center elementor-widget elementor-widget-bloompixel-gradient-button\" data-id=\"69da6e7\" data-element_type=\"widget\" data-widget_type=\"bloompixel-gradient-button.default\">\n\t\t\t\t<div class=\"elementor-widget-container\">\n\t\t\t\t\t<div class=\"elementor-button-wrapper\">\r\n\t\t\t<a href=\"http:\/\/four-colors.de\/minirent\/pkw\/\" class=\"elementor-button-link elementor-button btn-main elementor-size-sm\" role=\"button\">\r\n\t\t\t\t\t\t<span class=\"elementor-button-content-wrapper\">\r\n\t\t\t\t\t\t<span class=\"elementor-button-icon elementor-align-icon-left\">\r\n\t\t\t\t<i aria-hidden=\"true\" class=\"fas fa-car\"><\/i>  \r\n\t\t\t<\/span>\r\n\t\t\t\t\t\t<span class=\"elementor-button-text\">PKW \/ Kleinwagen<\/span>\r\n\t\t<\/span>\r\n\t\t\t\t\t<\/a>\r\n\t\t<\/div>\r\n\t\t\t\t<\/div>\n\t\t\t\t<\/div>\n\t\t\t\t\t<\/div>\n\t\t<\/div>\n\t\t\t\t<div class=\"elementor-column elementor-col-33 elementor-top-column elementor-element elementor-element-7b1b9d9\" data-id=\"7b1b9d9\" data-element_type=\"column\">\n\t\t\t<div class=\"elementor-widget-wrap elementor-element-populated\">\n\t\t\t\t\t\t\t\t<div class=\"elementor-element elementor-element-2fe7688 elementor-align-center elementor-widget elementor-widget-bloompixel-gradient-button\" data-id=\"2fe7688\" data-element_type=\"widget\" data-widget_type=\"bloompixel-gradient-button.default\">\n\t\t\t\t<div class=\"elementor-widget-container\">\n\t\t\t\t\t<div class=\"elementor-button-wrapper\">\r\n\t\t\t<a href=\"http:\/\/four-colors.de\/minirent\/transporter\/\" class=\"elementor-button-link elementor-button btn-main elementor-size-sm\" role=\"button\">\r\n\t\t\t\t\t\t<span class=\"elementor-button-content-wrapper\">\r\n\t\t\t\t\t\t<span class=\"elementor-button-icon elementor-align-icon-left\">\r\n\t\t\t\t<i aria-hidden=\"true\" class=\"fas fa-shipping-fast\"><\/i>  \r\n\t\t\t<\/span>\r\n\t\t\t\t\t\t<span class=\"elementor-button-text\">Transporter<\/span>\r\n\t\t<\/span>\r\n\t\t\t\t\t<\/a>\r\n\t\t<\/div>\r\n\t\t\t\t<\/div>\n\t\t\t\t<\/div>\n\t\t\t\t\t<\/div>\n\t\t<\/div>\n\t\t\t\t<div class=\"elementor-column elementor-col-33 elementor-top-column elementor-element elementor-element-a32ef2a\" data-id=\"a32ef2a\" data-element_type=\"column\">\n\t\t\t<div class=\"elementor-widget-wrap elementor-element-populated\">\n\t\t\t\t\t\t\t\t<div class=\"elementor-element elementor-element-637017c elementor-align-center elementor-widget elementor-widget-bloompixel-gradient-button\" data-id=\"637017c\" data-element_type=\"widget\" data-widget_type=\"bloompixel-gradient-button.default\">\n\t\t\t\t<div class=\"elementor-widget-container\">\n\t\t\t\t\t<div class=\"elementor-button-wrapper\">\r\n\t\t\t<a href=\"http:\/\/four-colors.de\/minirent\/anhaenger\/\" class=\"elementor-button-link elementor-button btn-main elementor-size-sm\" role=\"button\">\r\n\t\t\t\t\t\t<span class=\"elementor-button-content-wrapper\">\r\n\t\t\t\t\t\t<span class=\"elementor-button-icon elementor-align-icon-left\">\r\n\t\t\t\t<i aria-hidden=\"true\" class=\"fas fa-trailer\"><\/i>  \r\n\t\t\t<\/span>\r\n\t\t\t\t\t\t<span class=\"elementor-button-text\">Anh\u00e4nger<\/span>\r\n\t\t<\/span>\r\n\t\t\t\t\t<\/a>\r\n\t\t<\/div>\r\n\t\t\t\t<\/div>\n\t\t\t\t<\/div>\n\t\t\t\t\t<\/div>\n\t\t<\/div>\n\t\t\t\t\t\t\t<\/div>\n\t\t<\/section>\n\t\t\t\t<section class=\"elementor-section elementor-top-section elementor-element elementor-element-3ee9775 elementor-section-boxed elementor-section-height-default elementor-section-height-default\" data-id=\"3ee9775\" data-element_type=\"section\">\n\t\t\t\t\t\t<div class=\"elementor-container elementor-column-gap-default\">\n\t\t\t\t\t<div class=\"elementor-column elementor-col-100 elementor-top-column elementor-element elementor-element-6fd577c\" data-id=\"6fd577c\" data-element_type=\"column\">\n\t\t\t<div class=\"elementor-widget-wrap elementor-element-populated\">\n\t\t\t\t\t\t\t\t<div class=\"elementor-element elementor-element-4b11dda elementor-widget elementor-widget-spacer\" data-id=\"4b11dda\" data-element_type=\"widget\" data-widget_type=\"spacer.default\">\n\t\t\t\t<div class=\"elementor-widget-container\">\n\t\t\t\t\t<div class=\"elementor-spacer\">\n\t\t\t<div class=\"elementor-spacer-inner\"><\/div>\n\t\t<\/div>\n\t\t\t\t<\/div>\n\t\t\t\t<\/div>\n\t\t\t\t\t<\/div>\n\t\t<\/div>\n\t\t\t\t\t\t\t<\/div>\n\t\t<\/section>\n\t\t\t\t\t\t\t<\/div>\n\t\t","protected":false},"excerpt":{"rendered":"<p>Home minirent.ac minirent.ac Unsere Fahrzeugflotte Wenn Sie Raum f\u00fcr zus\u00e4tzliches Gep\u00e4ck oder gro\u00dfe Lasten brauchen, werden Sie bei uns einen Transporter finden, der auf Ihre Bed\u00fcrfnisse zugeschnitten ist. Wir verf\u00fcgen \u00fcber eine Auswahl an Transportern mit ausreichend Raum f\u00fcr Transport von G\u00fctern und Personen. PKW \/ Kleinwagen Transporter Anh\u00e4nger<\/p>\n","protected":false},"author":1,"featured_media":0,"parent":0,"menu_order":0,"comment_status":"closed","ping_status":"closed","template":"","meta":[],"_links":{"self":[{"href":"http:\/\/four-colors.de\/minirent\/wp-json\/wp\/v2\/pages\/3293"}],"collection":[{"href":"http:\/\/four-colors.de\/minirent\/wp-json\/wp\/v2\/pages"}],"about":[{"href":"http:\/\/four-colors.de\/minirent\/wp-json\/wp\/v2\/types\/page"}],"author":[{"embeddable":true,"href":"http:\/\/four-colors.de\/minirent\/wp-json\/wp\/v2\/users\/1"}],"replies":[{"embeddable":true,"href":"http:\/\/four-colors.de\/minirent\/wp-json\/wp\/v2\/comments?post=3293"}],"version-history":[{"count":26,"href":"http:\/\/four-colors.de\/minirent\/wp-json\/wp\/v2\/pages\/3293\/revisions"}],"predecessor-version":[{"id":13535,"href":"http:\/\/four-colors.de\/minirent\/wp-json\/wp\/v2\/pages\/3293\/revisions\/13535"}],"wp:attachment":[{"href":"http:\/\/four-colors.de\/minirent\/wp-json\/wp\/v2\/media?parent=3293"}],"curies":[{"name":"wp","href":"https:\/\/api.w.org\/{rel}","templated":true}]}}